{"id":7026,"date":"2020-01-14T20:11:57","date_gmt":"2020-01-14T20:11:57","guid":{"rendered":"https:\/\/www.galapagoslastminute.net\/about-us\/"},"modified":"2023-10-13T20:28:15","modified_gmt":"2023-10-13T20:28:15","slug":"about-us","status":"publish","type":"page","link":"https:\/\/www.galapagoslastminute.net\/es\/about-us\/","title":{"rendered":"About us"},"content":{"rendered":"<p><div class=\"fusion-fullwidth fullwidth-box fusion-builder-row-1 hundred-percent-fullwidth non-hundred-percent-height-scrolling\" style=\"--awb-background-position:left top;--awb-border-sizes-top:0px;--awb-border-sizes-bottom:0px;--awb-border-sizes-left:0px;--awb-border-sizes-right:0px;--awb-border-radius-top-left:0px;--awb-border-radius-top-right:0px;--awb-border-radius-bottom-right:0px;--awb-border-radius-bottom-left:0px;--awb-padding-top:0px;--awb-padding-right:0px;--awb-padding-bottom:0px;--awb-padding-left:0px;--awb-margin-top:0px;--awb-margin-bottom:0px;--awb-background-color:rgba(255,255,255,0.5);--awb-flex-wrap:wrap;\" ><div class=\"fusion-builder-row fusion-row\"><div class=\"fusion-layout-column fusion_builder_column fusion-builder-column-0 fusion_builder_column_1_1 1_1 fusion-one-full fusion-column-first fusion-column-last fusion-column-no-min-height\" style=\"--awb-bg-size:cover;--awb-margin-bottom:0px;\"><div class=\"fusion-column-wrapper fusion-flex-column-wrapper-legacy\"><div class=\"fusion-title title fusion-title-1 fusion-sep-none fusion-title-center fusion-title-text fusion-title-size-one\" style=\"--awb-margin-top-small:0px;--awb-margin-right-small:0px;--awb-margin-bottom-small:20px;--awb-margin-left-small:0px;\"><h1 class=\"fusion-title-heading title-heading-center fusion-responsive-typography-calculated\" style=\"margin:0;--fontSize:32;line-height:1;\">POL\u00cdTICA EMPRESARIAL<\/h1><\/div><div class=\"fusion-sep-clear\"><\/div><div class=\"fusion-separator\" style=\"margin-left: auto;margin-right: auto;margin-top:5px;margin-bottom:45px;width:100%;max-width:200px;\"><div class=\"fusion-separator-border sep-single sep-solid\" style=\"--awb-height:20px;--awb-amount:20px;--awb-sep-color:#e0e0e0;border-color:#e0e0e0;border-top-width:1px;\"><\/div><\/div><div class=\"fusion-sep-clear\"><\/div><div class=\"fusion-clearfix\"><\/div><\/div><\/div><div class=\"fusion-layout-column fusion_builder_column fusion-builder-column-1 fusion_builder_column_1_2 1_2 fusion-one-half fusion-column-first fusion-column-no-min-height\" style=\"--awb-bg-size:cover;--awb-margin-bottom:0px;\"><div class=\"fusion-column-wrapper fusion-column-has-shadow fusion-flex-column-wrapper-legacy\"><div class=\"fusion-image-element fusion-image-align-center in-legacy-container\" style=\"text-align:center;--awb-caption-title-font-family:var(--h2_typography-font-family);--awb-caption-title-font-weight:var(--h2_typography-font-weight);--awb-caption-title-font-style:var(--h2_typography-font-style);--awb-caption-title-size:var(--h2_typography-font-size);--awb-caption-title-transform:var(--h2_typography-text-transform);--awb-caption-title-line-height:var(--h2_typography-line-height);--awb-caption-title-letter-spacing:var(--h2_typography-letter-spacing);\"><div class=\"imageframe-align-center\"><span class=\" fusion-imageframe imageframe-none imageframe-1 hover-type-none fusion-animated\" data-animationType=\"fadeInLeft\" data-animationDuration=\"1.0\" data-animationOffset=\"top-into-view\"><img loading=\"lazy\" decoding=\"async\" width=\"4970\" height=\"3313\" alt=\"Passion Yacht\" title=\"DAILY ECURSIONS\" src=\"https:\/\/www.galapagoslastminute.net\/wp-content\/uploads\/2019\/11\/DAILY-ECURSIONS.jpg\" class=\"img-responsive wp-image-2771\" srcset=\"\/\/www.galapagoslastminute.net\/wp-content\/uploads\/2019\/11\/DAILY-ECURSIONS-200x133.jpg 200w, \/\/www.galapagoslastminute.net\/wp-content\/uploads\/2019\/11\/DAILY-ECURSIONS-400x267.jpg 400w, \/\/www.galapagoslastminute.net\/wp-content\/uploads\/2019\/11\/DAILY-ECURSIONS-600x400.jpg 600w, \/\/www.galapagoslastminute.net\/wp-content\/uploads\/2019\/11\/DAILY-ECURSIONS-800x533.jpg 800w, \/\/www.galapagoslastminute.net\/wp-content\/uploads\/2019\/11\/DAILY-ECURSIONS-1200x800.jpg 1200w, \/\/www.galapagoslastminute.net\/wp-content\/uploads\/2019\/11\/DAILY-ECURSIONS.jpg 4970w\" sizes=\"auto, (max-width: 800px) 100vw, 600px\" \/><\/span><\/div><\/div><div class=\"fusion-sep-clear\"><\/div><div class=\"fusion-separator fusion-full-width-sep\" style=\"margin-left: auto;margin-right: auto;margin-top:20px;margin-bottom:10px;width:100%;\"><\/div><div class=\"fusion-sep-clear\"><\/div><div class=\"fusion-clearfix\"><\/div><\/div><\/div><div class=\"fusion-layout-column fusion_builder_column fusion-builder-column-2 fusion_builder_column_1_2 1_2 fusion-one-half fusion-column-last fusion-column-no-min-height\" style=\"--awb-padding-top:30px;--awb-padding-right:60px;--awb-padding-bottom:30px;--awb-padding-left:60px;--awb-bg-size:cover;--awb-margin-bottom:0px;\"><div class=\"fusion-column-wrapper fusion-column-has-shadow fusion-flex-column-wrapper-legacy\"><div class=\"fusion-text fusion-text-1\"><p style=\"text-align: center;\"><strong>Gal\u00e1pagos Natural Life<\/strong> es una empresa tur\u00edstica ecuatoriana con 10 a\u00f1os de experiencia, que se esfuerza todo el tiempo en encontrar las mejores ofertas en tours navegables o base tierra a las islas Gal\u00e1pagos, garantizamos la seguridad del dinero de nuestros clientes y que cada tour cumpla con los requerimientos establecidos por el Parque Nacional Gal\u00e1pagos, as\u00ed mismo procuramos el desarrollo sostenible de las comunidades que se encuentran involucradas en turismo y la preservaci\u00f3n y conservaci\u00f3n de los ecosistemas involucrados.<\/p>\n<\/div><div class=\"fusion-sep-clear\"><\/div><div class=\"fusion-separator fusion-full-width-sep\" style=\"margin-left: auto;margin-right: auto;margin-top:5px;margin-bottom:5px;width:100%;\"><\/div><div class=\"fusion-sep-clear\"><\/div><div class=\"fusion-text fusion-text-2\"><p style=\"text-align: center;\">Nuestro personal cuenta con el respaldo total de la empresa, beneficios e incentivos. Todo esto hace de Gal\u00e1pagos Natural Life una empresa preocupada del bienestar de los agentes involucrados en la actividad tur\u00edstica, mejorando d\u00eda a d\u00eda aspectos de servicio y atenci\u00f3n al cliente.<\/p>\n<\/div><div class=\"fusion-clearfix\"><\/div><\/div><\/div><\/div><\/div><div class=\"fusion-fullwidth fullwidth-box fusion-builder-row-2 nonhundred-percent-fullwidth non-hundred-percent-height-scrolling\" style=\"--awb-background-position:left top;--awb-background-repeat:repeat;--awb-border-sizes-top:0px;--awb-border-sizes-bottom:0px;--awb-border-sizes-left:0px;--awb-border-sizes-right:0px;--awb-border-radius-top-left:0px;--awb-border-radius-top-right:0px;--awb-border-radius-bottom-right:0px;--awb-border-radius-bottom-left:0px;--awb-padding-top:80px;--awb-padding-bottom:30px;--awb-background-color:rgba(255,255,255,0.5);--awb-flex-wrap:wrap;\" ><div class=\"fusion-builder-row fusion-row\"><div class=\"fusion-layout-column fusion_builder_column fusion-builder-column-3 fusion_builder_column_1_2 1_2 fusion-one-half fusion-column-first\" style=\"--awb-bg-size:cover;width:48%; margin-right: 4%;\"><div class=\"fusion-column-wrapper fusion-flex-column-wrapper-legacy\"><div class=\"fusion-text fusion-text-3\"><h3 style=\"text-align: center;\">Misi\u00f3n<\/h3>\n<\/div><div class=\"fusion-sep-clear\"><\/div><div class=\"fusion-separator\" style=\"margin-left: auto;margin-right: auto;margin-top:5px;margin-bottom:20px;width:100%;max-width:200px;\"><div class=\"fusion-separator-border sep-single sep-solid\" style=\"--awb-height:20px;--awb-amount:20px;--awb-sep-color:rgba(0,0,0,.3);border-color:rgba(000,000,000,.3);border-top-width:1px;\"><\/div><\/div><div class=\"fusion-sep-clear\"><\/div><div class=\"fusion-text fusion-text-4\"><p style=\"text-align: center;\">Ofrecer a nuestros clientes las mejores opciones de viaje hacia las islas Gal\u00e1pagos y Ecuador continental, con un trabajo profesional y detallado, entregando toda la informaci\u00f3n posible para que el pasajero est\u00e9 al tanto del comportamiento que debe tener, as\u00ed como de lo que su tour incluye. Asegurando la total satisfacci\u00f3n en la prestaci\u00f3n de servicios y la mejor experiencia en cada uno de los destinos ofertados.<\/p>\n<\/div><div class=\"fusion-sep-clear\"><\/div><div class=\"fusion-separator fusion-full-width-sep\" style=\"margin-left: auto;margin-right: auto;margin-top:5px;margin-bottom:5px;width:100%;\"><\/div><div class=\"fusion-sep-clear\"><\/div><div class=\"fusion-clearfix\"><\/div><\/div><\/div><div class=\"fusion-layout-column fusion_builder_column fusion-builder-column-4 fusion_builder_column_1_2 1_2 fusion-one-half fusion-column-last\" style=\"--awb-bg-size:cover;width:48%;\"><div class=\"fusion-column-wrapper fusion-flex-column-wrapper-legacy\"><div class=\"fusion-text fusion-text-5\"><h3 style=\"text-align: center;\">Visi\u00f3n<\/h3>\n<\/div><div class=\"fusion-sep-clear\"><\/div><div class=\"fusion-separator\" style=\"margin-left: auto;margin-right: auto;margin-top:5px;margin-bottom:20px;width:100%;max-width:200px;\"><div class=\"fusion-separator-border sep-single sep-solid\" style=\"--awb-height:20px;--awb-amount:20px;--awb-sep-color:rgba(0,0,0,.3);border-color:rgba(000,000,000,.3);border-top-width:1px;\"><\/div><\/div><div class=\"fusion-sep-clear\"><\/div><div class=\"fusion-text fusion-text-6\"><p style=\"text-align: center;\">Posicionarnos en el mercado como la empresa n\u00famero uno en ofertas de \u00faltimo minuto, con las mejores ofertas en viajes a Gal\u00e1pagos, y Ecuador continental, siendo accesibles para toda la demanda sea esta nacional como internacional, brindando el mejor servicio y la mejor experiencia.<\/p>\n<\/div><div class=\"fusion-sep-clear\"><\/div><div class=\"fusion-separator fusion-full-width-sep\" style=\"margin-left: auto;margin-right: auto;margin-top:5px;margin-bottom:5px;width:100%;\"><\/div><div class=\"fusion-sep-clear\"><\/div><div class=\"fusion-clearfix\"><\/div><\/div><\/div><\/div><\/div><div class=\"fusion-fullwidth fullwidth-box fusion-builder-row-3 fusion-parallax-none nonhundred-percent-fullwidth non-hundred-percent-height-scrolling\" style=\"--awb-background-blend-mode:overlay;--awb-border-sizes-top:0px;--awb-border-sizes-bottom:0px;--awb-border-sizes-left:0px;--awb-border-sizes-right:0px;--awb-border-radius-top-left:0px;--awb-border-radius-top-right:0px;--awb-border-radius-bottom-right:0px;--awb-border-radius-bottom-left:0px;--awb-padding-top:55px;--awb-padding-bottom:100px;--awb-background-color:rgba(255,255,255,0.5);--awb-background-image:url(&quot;https:\/\/placehold.it\/1600x1002\/333333\/ffffff\/&quot;);--awb-background-size:cover;--awb-flex-wrap:wrap;\" ><div class=\"fusion-builder-row fusion-row\"><div class=\"fusion-layout-column fusion_builder_column fusion-builder-column-5 fusion_builder_column_1_1 1_1 fusion-one-full fusion-column-first fusion-column-last fusion-column-no-min-height\" style=\"--awb-bg-size:cover;--awb-margin-bottom:0px;\"><div class=\"fusion-column-wrapper fusion-flex-column-wrapper-legacy\"><div class=\"fusion-text fusion-text-7\"><h1 style=\"text-align: center;\"><span style=\"color: #ffffff;\">Somos globales y hemos ayudado a clientes de todo el mundo.<\/span><\/h1>\n<\/div><div class=\"fusion-sep-clear\"><\/div><div class=\"fusion-separator\" style=\"margin-left: auto;margin-right: auto;margin-top:5px;margin-bottom:45px;width:100%;max-width:200px;\"><div class=\"fusion-separator-border sep-single sep-solid\" style=\"--awb-height:20px;--awb-amount:20px;--awb-sep-color:rgba(255,255,255,.4);border-color:rgba(255,255,255,.4);border-top-width:1px;\"><\/div><\/div><div class=\"fusion-sep-clear\"><\/div><div class=\"fusion-clearfix\"><\/div><\/div><\/div><div class=\"fusion-layout-column fusion_builder_column fusion-builder-column-6 fusion_builder_column_1_1 1_1 fusion-one-full fusion-column-first fusion-column-last fusion-column-no-min-height\" style=\"--awb-bg-size:cover;--awb-margin-bottom:0px;\"><div class=\"fusion-column-wrapper fusion-flex-column-wrapper-legacy\"><iframe src=\"https:\/\/www.google.com\/maps\/embed?pb=!1m14!1m8!1m3!1d997.4482283950335!2d-78.490624!3d-0.204473!3m2!1i1024!2i768!4f13.1!3m3!1m2!1s0x0%3A0x1789fc7531eca860!2sGalapagos%20Last%20Minute!5e0!3m2!1sen!2sec!4v1600869789811!5m2!1sen!2sec\" width=\"100%\" height=\"450\" frameborder=\"0\" style=\"border:0;\" allowfullscreen=\"\" aria-hidden=\"false\" tabindex=\"0\"><\/iframe><div class=\"fusion-clearfix\"><\/div><\/div><\/div><\/div><\/div><\/p>\n","protected":false},"excerpt":{"rendered":"","protected":false},"author":4,"featured_media":0,"parent":0,"menu_order":0,"comment_status":"closed","ping_status":"closed","template":"100-width.php","meta":{"content-type":"","footnotes":""},"class_list":["post-7026","page","type-page","status-publish","hentry"],"_links":{"self":[{"href":"https:\/\/www.galapagoslastminute.net\/es\/wp-json\/wp\/v2\/pages\/7026","targetHints":{"allow":["GET"]}}],"collection":[{"href":"https:\/\/www.galapagoslastminute.net\/es\/wp-json\/wp\/v2\/pages"}],"about":[{"href":"https:\/\/www.galapagoslastminute.net\/es\/wp-json\/wp\/v2\/types\/page"}],"author":[{"embeddable":true,"href":"https:\/\/www.galapagoslastminute.net\/es\/wp-json\/wp\/v2\/users\/4"}],"replies":[{"embeddable":true,"href":"https:\/\/www.galapagoslastminute.net\/es\/wp-json\/wp\/v2\/comments?post=7026"}],"version-history":[{"count":0,"href":"https:\/\/www.galapagoslastminute.net\/es\/wp-json\/wp\/v2\/pages\/7026\/revisions"}],"wp:attachment":[{"href":"https:\/\/www.galapagoslastminute.net\/es\/wp-json\/wp\/v2\/media?parent=7026"}],"curies":[{"name":"wp","href":"https:\/\/api.w.org\/{rel}","templated":true}]}}